{"id":69,"date":"2013-06-02T12:56:05","date_gmt":"2013-06-02T10:56:05","guid":{"rendered":"http:\/\/www.czakai.de\/wordpress\/?page_id=69"},"modified":"2022-04-15T17:57:30","modified_gmt":"2022-04-15T15:57:30","slug":"ahnenliste-6","status":"publish","type":"page","link":"http:\/\/www.czakai.de\/wordpress\/ahnenliste-6\/","title":{"rendered":"Generation 6"},"content":{"rendered":"<table width=\"960\" cellspacing=\"0\" cellpadding=\"0\">\n<tbody>\n<tr>\n<td valign=\"top\"><b>64.<\/b><\/td>\n<td valign=\"middle\"><b>Thomas CZAKAY<\/b>, Bauer &amp; Soldat in Kzienzowiesch, rk, * 3.1765 in Kzienzowiesch, \u2020 (zw. 1806 &amp; 1820, gefallen ?).<\/td>\n<\/tr>\n<tr>\n<td valign=\"middle\"><\/td>\n<td valign=\"middle\">\u221e&nbsp;16.10.1798 in Leschnitz<\/td>\n<\/tr>\n<tr>\n<td valign=\"top\"><b>65.<\/b><\/td>\n<td valign=\"middle\"><b>Marianna M\u0141ODZIOK<\/b> oder <b>MAREK<\/b>, Magd, rk, * um 1770 (in Salesche ?), \u2020 2.4.1820 in Kzienzowiesch.<\/td>\n<\/tr>\n<\/tbody>\n<\/table>\n<p>&nbsp;<\/p>\n<table cellspacing=\"0\" cellpadding=\"0\">\n<tbody>\n<tr>\n<td valign=\"top\"><b>66.<\/b><\/td>\n<td valign=\"middle\"><b>Thomas FRO\u0143<\/b>, Bauer, Halbbauer, sp\u00e4ter Ausz\u00fcgler in Kzienzowiesch, rk, * 29.12.1767 in Kzienzowiesch, \u2020 10.4.1833 in Kzienzowiesch.<\/td>\n<\/tr>\n<tr>\n<td valign=\"middle\"><\/td>\n<td valign=\"middle\">\u221e&nbsp;22.11.1791 in Leschnitz<\/td>\n<\/tr>\n<tr>\n<td valign=\"top\"><b>67.<\/b><\/td>\n<td valign=\"middle\"><b>Maria DOMIN<\/b>, rk, * 30.3.1770 in Kzienzowiesch, \u2020 31.10.1833 in Kzienzowiesch.<\/td>\n<\/tr>\n<\/tbody>\n<\/table>\n<p>&nbsp;<\/p>\n<table cellspacing=\"0\" cellpadding=\"0\">\n<tbody>\n<tr>\n<td valign=\"top\"><b>68.<\/b><\/td>\n<td valign=\"middle\"><b>Joseph RUDZKI (RUDZKY, RUTZKY, RUTZKI, RUDSKI)<\/b>, Fleischer in Czissowa, rk, * (err.) um 1765, \u2020 6.12.1816 in Czissowa.<\/td>\n<\/tr>\n<tr>\n<td valign=\"middle\"><\/td>\n<td valign=\"middle\">\u221e&nbsp;16.5.1796 in Slawentzitz<\/td>\n<\/tr>\n<tr>\n<td valign=\"top\"><b>69.<\/b><\/td>\n<td valign=\"middle\"><b>Josepha MAINUSCH<\/b>, rk, * 17.3.1775 in Czissowa, \u2020 23.3.1845 in Czissowa.<\/td>\n<\/tr>\n<tr>\n<td valign=\"middle\"><\/td>\n<td valign=\"middle\">\u221e&nbsp; II. 15.2.1819 in Slawentzitz<br \/>\n<i>Johann PANDER<\/i>, (\u2020 25.2.1828), H\u00e4usler in Czissowa.<\/td>\n<\/tr>\n<\/tbody>\n<\/table>\n<p>&nbsp;<\/p>\n<table cellspacing=\"0\" cellpadding=\"0\">\n<tbody>\n<tr>\n<td valign=\"top\"><b>70.<\/b><\/td>\n<td valign=\"middle\"><b>Thomas HUDOWSKI (HUDOWSKY)<\/b>, Leineweber &amp; B\u00fcrger in Leschnitz, rk, * 13.12.1784 in Leschnitz, \u2020 22.12.1857 in Leschnitz.<\/td>\n<\/tr>\n<tr>\n<td valign=\"middle\"><\/td>\n<td valign=\"middle\">\u221e&nbsp;7.8.1810 in Leschnitz<\/td>\n<\/tr>\n<tr>\n<td valign=\"top\"><b>71.<\/b><\/td>\n<td valign=\"middle\"><b>Barbara KRZEWITZ<\/b>, rk, * 14.12.1782 in Leschnitz, \u2020 30.11.1854 in Leschnitz.<\/td>\n<\/tr>\n<\/tbody>\n<\/table>\n<p>&nbsp;<\/p>\n<table cellspacing=\"0\" cellpadding=\"0\">\n<tbody>\n<tr>\n<td valign=\"top\"><b>72.<\/b><\/td>\n<td valign=\"middle\"><b>Andreas D\u0141UGOSCH<\/b>, Bauer in Kzienzowiesch, rk, * 11.1758 in Kzienzowiesch, \u2020 8.4.1829 in Kzienzowiesch.<\/td>\n<\/tr>\n<tr>\n<td valign=\"middle\"><\/td>\n<td valign=\"middle\">\u221e&nbsp;7.7.1788 in Leschnitz<\/td>\n<\/tr>\n<tr>\n<td valign=\"top\"><b>73.<\/b><\/td>\n<td valign=\"middle\"><b>Marianna NAMYS\u0141O<\/b>, rk, * 1.1765 in Kzienzowiesch, \u2020 10.4.1840 in Kzienzowiesch.<\/td>\n<\/tr>\n<\/tbody>\n<\/table>\n<p>&nbsp;<\/p>\n<table cellspacing=\"0\" cellpadding=\"0\">\n<tbody>\n<tr>\n<td valign=\"top\"><b>74.<\/b><\/td>\n<td valign=\"middle\"><b>Gura (Jurek, Georg) KONDZIELA<\/b>, Bauer in Kzienzowiesch, rk, * 24.4.1777 in Kzienzowiesch, \u2020 14.9.1837 in Kzienzowiesch (Cholera-Epidemie).<\/td>\n<\/tr>\n<tr>\n<td valign=\"middle\"><\/td>\n<td valign=\"middle\">\u221e&nbsp;21.5.1805 in Leschnitz<\/td>\n<\/tr>\n<tr>\n<td valign=\"top\"><b>75.<\/b><\/td>\n<td valign=\"middle\"><b>Marianna D\u0141UGOSCH<\/b>, rk, * 27.1.1784 in Kzienzowiesch, \u2020 12.9.1837 in Kzienzowiesch (Cholera-Epidemie).<\/td>\n<\/tr>\n<\/tbody>\n<\/table>\n<p>&nbsp;<\/p>\n<table cellspacing=\"0\" cellpadding=\"0\">\n<tbody>\n<tr>\n<td valign=\"top\"><b>76.<\/b><\/td>\n<td valign=\"middle\">[Anton MAREK, Bauer in Kzienzowiesch, rk, * 30.5.1778 in Kzienzowiesch, \u2020 17.3.1859 in Freivogtei Leschnitz.]<\/td>\n<\/tr>\n<tr>\n<td valign=\"middle\"><\/td>\n<td valign=\"middle\">\u221e&nbsp;4.2.1801 in Leschnitz<\/td>\n<\/tr>\n<tr>\n<td valign=\"top\"><b>77.<\/b><\/td>\n<td valign=\"middle\">[Juliana WYPICH, rk, * 12.2.1780 in Kzienzowiesch, \u2020 17.12.1865 in Kzienzowiesch.]<\/td>\n<\/tr>\n<\/tbody>\n<\/table>\n<p>&nbsp;<\/p>\n<table cellspacing=\"0\" cellpadding=\"0\">\n<tbody>\n<tr>\n<td valign=\"top\"><b>78.<\/b><\/td>\n<td valign=\"middle\"><b>N. N.<\/b>, [Evtl. Andreas LESZCZORZ, Viertelbauer in Kzienzowiesch, rk, * um 1779, \u2020 29.1.1859 in Kzienzowiesch, der sp\u00e4ter als Vater von Euphemia (siehe Nr. 39.) angegeben wird.]<\/td>\n<\/tr>\n<tr>\n<td valign=\"middle\"><\/td>\n<td valign=\"middle\">o-o<\/td>\n<\/tr>\n<tr>\n<td valign=\"top\"><b>79.<\/b><\/td>\n<td valign=\"middle\"><b>Maria(nna) PATEROK<\/b>, Magd, rk, * 18.5.1784 in Deschowitz, \u2020 17.10.1866 in Kzienzowiesch.<\/td>\n<\/tr>\n<tr>\n<td valign=\"middle\"><\/td>\n<td valign=\"middle\">\u221e&nbsp;28.1.1817 in Leschnitz<br \/>\n<b>Andreas LESZCZORZ<\/b> (siehe Nr. 78).<\/td>\n<\/tr>\n<\/tbody>\n<\/table>\n<p>&nbsp;<\/p>\n<table cellspacing=\"0\" cellpadding=\"0\">\n<tbody>\n<tr>\n<td valign=\"top\"><b>82.<\/b><\/td>\n<td valign=\"middle\"><b>Lorenz (Laurenz) SCHEDEWIE (SCHEDEVY)<\/b>, Schuhmacher &amp; Kolonist in H\u00fcttenguth, Kr. Habelschwerdt, rk, * (err.) um 1795 (wohl * 1789 in Hl\u00e1ska, B\u00f6hmen), \u2020 26.9.1835 in H\u00fcttenguth, Kr. Habelschwerdt.<\/td>\n<\/tr>\n<tr>\n<td valign=\"middle\"><\/td>\n<td valign=\"middle\">\u221e&nbsp;(wohl in Langenbr\u00fcck, Kr. Habelschwerdt)<\/td>\n<\/tr>\n<tr>\n<td valign=\"top\"><b>83.<\/b><\/td>\n<td valign=\"middle\"><b>Theresia GEWALD<\/b>, rk, * 25.4.1793 in Friedrichsgrund, Kr. Habelschwerdt, \u2020 8.11.1854 in Altlomnitz, Kr. Habelschwerdt.<\/td>\n<\/tr>\n<tr>\n<td valign=\"middle\"><\/td>\n<td valign=\"middle\">\u221e&nbsp; II. 30.10.1836 in Habelschwerdt<br \/>\n<i>Michael SEIDELMANN<\/i>, Colonist, H\u00e4usler aus Neulomnitz, Kr. Habelschwerdt (* [err.] um 1758, \u2020 13.6.1838 in H\u00fcttenguth).<\/td>\n<\/tr>\n<tr>\n<td valign=\"middle\"><\/td>\n<td valign=\"middle\">\u221e&nbsp; III. 29.8.1852 in Altlomnitz, Kr. Habelschwerdt<br \/>\n<i>Bonifaz ENDER<\/i>, Ausgedinger in Altlomnitz, rk, * um 1787, \u2020 ?.<\/td>\n<\/tr>\n<\/tbody>\n<\/table>\n<p>&nbsp;<\/p>\n<table cellspacing=\"0\" cellpadding=\"0\">\n<tbody>\n<tr>\n<td valign=\"top\"><b>86.<\/b><\/td>\n<td valign=\"middle\"><b>Franz ROGOSCHIK (ROGOZIK)<\/b>, Scholz &amp; Dreschg\u00e4rtner in Kaulwitz, Kr. Namslau, rk, * um 1810 (evtl. aus Skorischau?), \u2020 (zwischen 1853 &amp; 1856).<\/td>\n<\/tr>\n<tr>\n<td valign=\"middle\"><\/td>\n<td valign=\"middle\">\u221e<\/td>\n<\/tr>\n<tr>\n<td valign=\"top\"><b>87.<\/b><\/td>\n<td valign=\"middle\"><b>Johanna WASNER<\/b>, rk, * 5.7.1812 in Kaulwitz, \u2020 26.4.1902 in Kaulwitz.<\/td>\n<\/tr>\n<tr>\n<td valign=\"middle\"><\/td>\n<td valign=\"middle\">\u221e&nbsp;II. um 1856<br \/>\n<i>Franz PO\u015aPIECH<\/i>, Freig\u00e4rtner in Kaulwitz, rk, * (err.) um 1831, \u2020 3.4.1905 in Kaulwitz.<\/td>\n<\/tr>\n<\/tbody>\n<\/table>\n<p>&nbsp;<\/p>\n<table cellspacing=\"0\" cellpadding=\"0\">\n<tbody>\n<tr>\n<td valign=\"top\"><b>88.<\/b><\/td>\n<td valign=\"middle\"><b>Franz GOLDEMUND<\/b>, Bauer in Neureigelsdorf &amp; Obsth\u00e4ndler in Breslau, rk, * (err.) um 1813, \u2020 13.9.1880 in Altreigelsdorf, Bezirk J\u00e4gerndorf.<\/td>\n<\/tr>\n<tr>\n<td valign=\"middle\"><\/td>\n<td valign=\"middle\">\u221e&nbsp;15.10.1832 in Olbersdorf, Bezirk J\u00e4gerndorf<\/td>\n<\/tr>\n<tr>\n<td valign=\"top\"><b>89.<\/b><\/td>\n<td valign=\"middle\"><b>Franziska Johanna GANS<\/b>, rk, * 3.1808 in Altreigelsdorf, \u2020 23.1.1885 in Breslau.<\/p>\n<p><img decoding=\"async\" alt=\"\" src=\"http:\/\/www.czakai.de\/pics\/neumarkt.jpg\" border=\"1\"><br \/>\nBreslauer Neumarkt, 1892, mit dem Gesch\u00e4ft von Franz&#8217; Enkel Paul Goldemund<\/td>\n<\/tr>\n<\/tbody>\n<\/table>\n<p>&nbsp;<\/p>\n<table cellspacing=\"0\" cellpadding=\"0\">\n<tbody>\n<tr>\n<td valign=\"top\"><b>90.<\/b><\/td>\n<td valign=\"middle\"><b>Franz MILDNER<\/b>, Ortsrichter, Kaufmann, Garnbleicher &amp; Anbauer in \u00d6sterreichisch-Komeise, rk, * (err.) um 1814, \u2020 5.3.1876 in \u00d6sterreichisch-Komeise.<\/td>\n<\/tr>\n<tr>\n<td valign=\"middle\"><\/td>\n<td valign=\"middle\">\u221e&nbsp;II. 17.2.1846 in \u00d6sterreichisch-Komeise<br \/>\n<i>Franziska FRANK<\/i>, rk, * (err.) um 1828, \u2020 21.3.1878 in \u00d6st.-Komeise, Tochter von Anton FRANK, Anbauer in \u00d6st.-Komeise.<\/td>\n<\/tr>\n<tr>\n<td valign=\"middle\"><\/td>\n<td valign=\"middle\">\u221e&nbsp;I. 24.2.1835 in Preu\u00dfisch-Sch\u00f6nwiese<\/td>\n<\/tr>\n<tr>\n<td valign=\"top\"><b>91.<\/b><\/td>\n<td valign=\"middle\"><b>Franziska WIEDMANN<\/b>, rk, * (err.) um 1818, \u2020 (nach 1842).<\/td>\n<\/tr>\n<\/tbody>\n<\/table>\n<p>&nbsp;<\/p>\n<table cellspacing=\"0\" cellpadding=\"0\">\n<tbody>\n<tr>\n<td valign=\"top\"><b>92.<\/b><\/td>\n<td valign=\"middle\"><b>Christian HILLER<\/b>, Bauer in Schimmelwitz, Kr. Trebnitz, ev, * um 1800, \u2020 ?.<\/td>\n<\/tr>\n<tr>\n<td valign=\"middle\"><\/td>\n<td valign=\"middle\">\u221e&nbsp;(vor 1833)<\/td>\n<\/tr>\n<tr>\n<td valign=\"top\"><b>93.<\/b><\/td>\n<td valign=\"middle\"><b>Johanna KLEMM<\/b>, ev.<\/td>\n<\/tr>\n<\/tbody>\n<\/table>\n<p>&nbsp;<\/p>\n<table cellspacing=\"0\" cellpadding=\"0\">\n<tbody>\n<tr>\n<td valign=\"top\"><b>94.<\/b><\/td>\n<td valign=\"middle\"><b>Gottlieb SEITE<\/b>, Bauer in Schimmelwitz, Kr. Trebnitz, ev, * um 1810, \u2020 ?.<\/td>\n<\/tr>\n<tr>\n<td valign=\"middle\"><\/td>\n<td valign=\"middle\">\u221e<\/td>\n<\/tr>\n<tr>\n<td valign=\"top\"><b>95.<\/b><\/td>\n<td valign=\"middle\"><b>Anna Rosina KOTHE<\/b>, ev, \u2020 (nach 1875).<\/td>\n<\/tr>\n<\/tbody>\n<\/table>\n<p>&nbsp;<\/p>\n<table cellspacing=\"0\" cellpadding=\"0\">\n<tbody>\n<tr>\n<td valign=\"top\"><b>96.<\/b><\/td>\n<td valign=\"middle\"><b>Georg HANNIG<\/b>, Stellenbesitzer in Taschenberg, Kr. Brieg, ev, * um 1790, \u2020 (vor 1883).<\/td>\n<\/tr>\n<tr>\n<td valign=\"middle\"><\/td>\n<td valign=\"middle\">\u221e<\/td>\n<\/tr>\n<tr>\n<td valign=\"top\"><b>97.<\/b><\/td>\n<td valign=\"middle\"><b>Elisabeth N.<\/b>, ev, \u2020 (vor 1883).<\/td>\n<\/tr>\n<\/tbody>\n<\/table>\n<p>&nbsp;<\/p>\n<table cellspacing=\"0\" cellpadding=\"0\">\n<tbody>\n<tr>\n<td valign=\"top\"><b>98.<\/b><\/td>\n<td valign=\"middle\"><b>Gottlieb Benjamin SCHMIDT<\/b>, Bauerngutsbesitzer in Johnsdorf, Kr. Brieg, ev, * um 1780, \u2020 (nach 1841).<\/td>\n<\/tr>\n<tr>\n<td valign=\"middle\"><\/td>\n<td valign=\"middle\">\u221e&nbsp;(vor 1810)<\/td>\n<\/tr>\n<tr>\n<td valign=\"top\"><b>99.<\/b><\/td>\n<td valign=\"middle\"><b>Anna Rosina P\u00c4LCHEN (PELCH, PAELCHEN, PELCHEN)<\/b>, ev.<\/td>\n<\/tr>\n<\/tbody>\n<\/table>\n<p>&nbsp;<\/p>\n<table cellspacing=\"0\" cellpadding=\"0\">\n<tbody>\n<tr>\n<td valign=\"top\"><b>100.<\/b><\/td>\n<td valign=\"middle\"><b>Johann Friedrich GREUL<\/b>, Freih\u00e4usler, Stellenbesitzer in Heidchen, Kr. Guhrau, ev, * um 1790, \u2020 ?.<\/td>\n<\/tr>\n<tr>\n<td valign=\"middle\"><\/td>\n<td valign=\"middle\">\u221e&nbsp;(vor 1817)<\/td>\n<\/tr>\n<tr>\n<td valign=\"top\"><b>101.<\/b><\/td>\n<td valign=\"middle\"><b>Dorothea BRAUN<\/b>, ev.<\/td>\n<\/tr>\n<\/tbody>\n<\/table>\n<p>&nbsp;<\/p>\n<table cellspacing=\"0\" cellpadding=\"0\">\n<tbody>\n<tr>\n<td valign=\"top\"><b>102.<\/b><\/td>\n<td valign=\"middle\"><b>Johann Friedrich (Gottlieb?) THIEL<\/b>, Zimmermann in Heidewilxen, Kr. Trebnitz, ev, * um 1780, \u2020 (nach 1847) in Klein Schweinern, Kr. Trebnitz oder Schweinern, Kr. Breslau.<\/td>\n<\/tr>\n<tr>\n<td valign=\"middle\"><\/td>\n<td valign=\"middle\">\u221e<\/td>\n<\/tr>\n<tr>\n<td valign=\"top\"><b>103.<\/b><\/td>\n<td valign=\"middle\"><b>Johanne KRUG<\/b>, ev, (evtl. aus Hundsfeld, Kr. Oels), \u2020 in Klein Schweinern, Kr. Trebnitz oder Schweinern, Kr. Breslau.<\/td>\n<\/tr>\n<\/tbody>\n<\/table>\n<p>&nbsp;<\/p>\n<table cellspacing=\"0\" cellpadding=\"0\">\n<tbody>\n<tr>\n<td valign=\"top\"><b>104.<\/b><\/td>\n<td valign=\"middle\"><b>Johann SCHUL (SCHUHL)<\/b>, Unteroffizier der Landwehr in Landsberg an der Warthe, ev, * um 1778, \u2020 10.5.1845 in Landsberg an der Warthe. [1815 Unteroffizier des 5. Schlesischen Landwehr-Infanterie-Regiments in Breslau?]<\/td>\n<\/tr>\n<tr>\n<td valign=\"middle\"><\/td>\n<td valign=\"middle\">[\u221e&nbsp;I. (vor 1815)<br \/>\n<i>Pharaone GOTTWALD<\/i>, ev.]<\/td>\n<\/tr>\n<tr>\n<td valign=\"middle\"><\/td>\n<td valign=\"middle\">\u221e 2.3.1819 in Schloppe, Westpreu\u00dfen<\/td>\n<\/tr>\n<tr>\n<td valign=\"top\"><b>105.<\/b><\/td>\n<td valign=\"middle\"><b>Hanna Karolina K\u00d6PPE (KOPPE, KOPPEN)<\/b>, ev, * (err.) 18.5.1789 (wohl in Schloppe, Westpreu\u00dfen), \u2020 19.10.1864 in Landsberg an der Warthe.<\/td>\n<\/tr>\n<\/tbody>\n<\/table>\n<p>&nbsp;<\/p>\n<table cellspacing=\"0\" cellpadding=\"0\">\n<tbody>\n<tr>\n<td valign=\"top\"><b>106.<\/b><\/td>\n<td valign=\"middle\"><b><i>Christian<\/i> Friedrich Wilhelm SCH\u00dcLER<\/b>, Arbeitsmann, Tagel\u00f6hner, Nachtw\u00e4chter in Friedrichstadt bei Landsberg an der Warthe, ev, * (err.) 5.2.1798 (wohl in Wepritz), \u2020 1.10.1849 in Friedrichstadt bei Landsberg an der Warthe.<\/td>\n<\/tr>\n<tr>\n<td><\/td>\n<td>\u221e 16.4.1826 in Friedrichstadt bei Landsberg an der Warthe<\/td>\n<\/tr>\n<tr>\n<td valign=\"top\"><b>107.<\/b><\/td>\n<td valign=\"middle\"><b>Ernestine Friederike DAEMKE (DAEHMKE)<\/b>, ev, * (err.) um 1800 (aus Landsberg an der Warthe), \u2020 (zwischen 1868 &amp; 1874).<\/td>\n<\/tr>\n<\/tbody>\n<\/table>\n<p>&nbsp;<\/p>\n<table cellspacing=\"0\" cellpadding=\"0\">\n<tbody>\n<tr>\n<td valign=\"top\"><b>108.<\/b><\/td>\n<td>[Johann Samuel WILKE, Schmiedemeister &amp; Freig\u00e4rtner in Heinzendorf, Kr. Guhrau, Nr. 45, ev, * um 1790, \u2020 (nach 1832).]<\/td>\n<\/tr>\n<tr>\n<td><\/td>\n<td>\u221e<\/td>\n<\/tr>\n<tr>\n<td valign=\"top\"><b>109.<\/b><\/td>\n<td>[Eva Rosine KATTNER, ev, \u2020 (vor 1874) in Heinzendorf.]<\/td>\n<\/tr>\n<\/tbody>\n<\/table>\n<p>&nbsp;<\/p>\n<table cellspacing=\"0\" cellpadding=\"0\">\n<tbody>\n<tr>\n<td valign=\"top\"><b>112.<\/b><\/td>\n<td valign=\"middle\"><b>Johann Nicol ROST (der Mittlere)<\/b>, Nachbar &amp; Einwohner in Tr\u00f6bsdorf, ev, * 19.12.1794 in Tr\u00f6bsdorf, \u2020 25.4.1868 in Tr\u00f6bsdorf.<\/td>\n<\/tr>\n<tr>\n<td valign=\"middle\"><\/td>\n<td valign=\"middle\">\u221e&nbsp;25.7.1818 in Daasdorf am Berge<\/td>\n<\/tr>\n<tr>\n<td valign=\"top\"><b>113.<\/b><\/td>\n<td valign=\"middle\"><b>Barbara Elisabetha GEMPE<\/b>, ev, * 27.6.1788 in Daasdorf am Berge, \u2020 22.5.1848 in Tr\u00f6bsdorf.<\/td>\n<\/tr>\n<\/tbody>\n<\/table>\n<p>&nbsp;<\/p>\n<table cellspacing=\"0\" cellpadding=\"0\">\n<tbody>\n<tr>\n<td valign=\"top\"><b>114.<\/b><\/td>\n<td valign=\"middle\"><b>Johann Thomas Friedrich K\u00c4STNER<\/b>, Jagdzeugknecht, Choradjuvant, Nachbar &amp; Inwohner in Troistedt, ev, * 26.10.1783 in Troistedt, \u2020 25.12.1834 in Troistedt.<\/td>\n<\/tr>\n<tr>\n<td valign=\"middle\"><\/td>\n<td valign=\"middle\">\u221e&nbsp;4.6.1816 in Thangelstedt (Saufeld)<\/td>\n<\/tr>\n<tr>\n<td valign=\"top\"><b>115.<\/b><\/td>\n<td valign=\"middle\"><b>Katharina (Marie) Margaretha FRIEDLAND<\/b>, ev, * 6.8.1795 in Bachstedt, \u2020 20.7.1870 in Tr\u00f6bsdorf.<\/td>\n<\/tr>\n<\/tbody>\n<\/table>\n<p>&nbsp;<\/p>\n<table cellspacing=\"0\" cellpadding=\"0\">\n<tbody>\n<tr>\n<td valign=\"top\"><b>116.<\/b><\/td>\n<td valign=\"middle\"><b>Johann Christian Friedrich ROTHE (ROTH)<\/b>, Tagel\u00f6hner, Nachbar &amp; Einwohner in Nermsdorf, ev, * 3.10.1791 in Elxleben (bei Arnstadt), \u2020 23.4.1857 in Nermsdorf.<\/td>\n<\/tr>\n<tr>\n<td valign=\"middle\"><\/td>\n<td valign=\"middle\">\u221e&nbsp;30.5.1822 in Rohrbach<\/td>\n<\/tr>\n<tr>\n<td valign=\"top\"><b>117.<\/b><\/td>\n<td valign=\"middle\"><b>Justine Marie MARQUARDT (MARKERT)<\/b>, ev, * 16.2.1800 in Rohrbach, \u2020 8.10.1870 in Nermsdorf.<\/td>\n<\/tr>\n<\/tbody>\n<\/table>\n<p>&nbsp;<\/p>\n<table cellspacing=\"0\" cellpadding=\"0\">\n<tbody>\n<tr>\n<td valign=\"top\"><b>118.<\/b><\/td>\n<td valign=\"middle\"><b>Johann Christoph Salomo(n) R\u00c4BEL<\/b>, Ortsnachbar in Millingsdorf, ev, * 10.2.1793 in Neustedt, \u2020 5.10.1867 in Nermsdorf.<\/td>\n<\/tr>\n<tr>\n<td valign=\"middle\"><\/td>\n<td valign=\"middle\">\u221e&nbsp;3.6.1816 in Millingsdorf<\/td>\n<\/tr>\n<tr>\n<td valign=\"top\"><b>119.<\/b><\/td>\n<td valign=\"middle\"><b>Johanna Rosine FREUND<\/b>, ev, * 13.9.1799 in Millingsdorf, \u2020 14.3.1841 in Millingsdorf.<\/td>\n<\/tr>\n<\/tbody>\n<\/table>\n<p>&nbsp;<\/p>\n<table cellspacing=\"0\" cellpadding=\"0\">\n<tbody>\n<tr>\n<td valign=\"top\"><b>120.<\/b><\/td>\n<td valign=\"middle\"><b>Johann Thomas SCHNAPP<\/b>, Bauer in Unterlangenstadt, ev, * 29.3.1777 in Unterlangenstadt, \u2020 20.8.1827 in Unterlangenstadt.<\/td>\n<\/tr>\n<tr>\n<td valign=\"middle\"><\/td>\n<td valign=\"middle\">\u221e&nbsp;9.2.1807 in Burkersdorf<\/td>\n<\/tr>\n<tr>\n<td valign=\"top\"><b>121.<\/b><\/td>\n<td valign=\"middle\"><b>Anna Elisabetha KRINES<\/b>, ev, * 6.5.1786 in Unterlangenstadt, \u2020 25.4.1856 in Unterlangenstadt.<\/td>\n<\/tr>\n<tr>\n<td valign=\"middle\"><\/td>\n<td valign=\"middle\">\u221e&nbsp;II. 7.12.1828 in Burkersdorf<br \/>\n<i>Johann MARR<\/i>, Bauer in Unterlangenstadt, ev, * 21.12.1800 in Schwarzach. Sohn von Georg MARR in Schwarzach.<\/td>\n<\/tr>\n<\/tbody>\n<\/table>\n<p>&nbsp;<\/p>\n<table cellspacing=\"0\" cellpadding=\"0\">\n<tbody>\n<tr>\n<td valign=\"top\"><b>122.<\/b><\/td>\n<td valign=\"middle\"><b>Johann WAGNER<\/b>, Bauer in Schimmendorf, ev, * 2.10.1791 in Schimmendorf, \u2020 16.5.1861 in Schimmendorf.<\/td>\n<\/tr>\n<tr>\n<td valign=\"middle\"><\/td>\n<td valign=\"middle\">\u221e&nbsp;7.5.1811 in Kirchleus<\/td>\n<\/tr>\n<tr>\n<td valign=\"top\"><b>123.<\/b><\/td>\n<td valign=\"middle\"><b>Christiane M\u00dcLLER<\/b>, ev, * 4.10.1784 in Wadel, \u2020 9.12.1853 in Schimmendorf.<\/td>\n<\/tr>\n<\/tbody>\n<\/table>\n<p>&nbsp;<\/p>\n<table cellspacing=\"0\" cellpadding=\"0\">\n<tbody>\n<tr>\n<td valign=\"top\"><b>124.<\/b><\/td>\n<td valign=\"middle\"><b>Johann Friedrich Heinrich ECCARDT (ECKARDT)<\/b>, Oeconom (Landwirt), Handarbeiter &amp; B\u00fcrger in Magdala, ev, * 21.11.1791 in Kleinlohma, \u2020 12.11.1876 in Magdala.<\/td>\n<\/tr>\n<tr>\n<td valign=\"middle\"><\/td>\n<td valign=\"middle\">\u221e&nbsp;8.1.1827 in Milda<\/td>\n<\/tr>\n<tr>\n<td valign=\"top\"><b>125.<\/b><\/td>\n<td valign=\"middle\"><b>Marie Sophie HECHT<\/b>, ev, * 16.12.1801 in Milda, \u2020 10.1.1877 in Magdala.<\/td>\n<\/tr>\n<\/tbody>\n<\/table>\n<p>&nbsp;<\/p>\n<table cellspacing=\"0\" cellpadding=\"0\">\n<tbody>\n<tr>\n<td valign=\"top\"><b>126.<\/b><\/td>\n<td valign=\"middle\"><b>Christian Friedrich GERSTENBERG<\/b>, Handarbeiter, Strumpffabrikant, Stadtverordneter &amp; B\u00fcrger in Magdala, ev, * 3.9.1798 in Magdala, \u2020 8.3.1860 in Magdala.<\/td>\n<\/tr>\n<tr>\n<td valign=\"middle\"><\/td>\n<td valign=\"middle\">\u221e&nbsp;3.12.1826 in Magdala<\/td>\n<\/tr>\n<tr>\n<td valign=\"top\"><b>127.<\/b><\/td>\n<td valign=\"middle\"><b>Elisabethe Eleonore SCHORCHT<\/b>, ev, * 24.3.1796 in Magdala, \u2020 14.3.1849 in Magdala.<\/td>\n<\/tr>\n<\/tbody>\n<\/table>\n<p>&nbsp;<\/p>\n<p><center>[ <a href=\"http:\/\/www.czakai.de\/wordpress\/ahnenliste-7\/\">weiter zur 7. Vorfahrengeneration<\/a> ]&nbsp;<\/p>\n<p><\/center><\/p>\n","protected":false},"excerpt":{"rendered":"<p>64. Thomas CZAKAY, Bauer &amp; Soldat in Kzienzowiesch, rk, * 3.1765 in Kzienzowiesch, \u2020 (zw. 1806 &amp; 1820, gefallen ?). \u221e&nbsp;16.10.1798 in Leschnitz 65. Marianna M\u0141ODZIOK oder MAREK, Magd, rk, * um 1770 (in Salesche ?), \u2020 2.4.1820 in Kzienzowiesch. &hellip; <a href=\"http:\/\/www.czakai.de\/wordpress\/ahnenliste-6\/\">Weiterlesen <span class=\"meta-nav\">&rarr;<\/span><\/a><\/p>\n","protected":false},"author":1,"featured_media":0,"parent":0,"menu_order":0,"comment_status":"closed","ping_status":"open","template":"","meta":[],"_links":{"self":[{"href":"http:\/\/www.czakai.de\/wordpress\/wp-json\/wp\/v2\/pages\/69"}],"collection":[{"href":"http:\/\/www.czakai.de\/wordpress\/wp-json\/wp\/v2\/pages"}],"about":[{"href":"http:\/\/www.czakai.de\/wordpress\/wp-json\/wp\/v2\/types\/page"}],"author":[{"embeddable":true,"href":"http:\/\/www.czakai.de\/wordpress\/wp-json\/wp\/v2\/users\/1"}],"replies":[{"embeddable":true,"href":"http:\/\/www.czakai.de\/wordpress\/wp-json\/wp\/v2\/comments?post=69"}],"version-history":[{"count":22,"href":"http:\/\/www.czakai.de\/wordpress\/wp-json\/wp\/v2\/pages\/69\/revisions"}],"predecessor-version":[{"id":816,"href":"http:\/\/www.czakai.de\/wordpress\/wp-json\/wp\/v2\/pages\/69\/revisions\/816"}],"wp:attachment":[{"href":"http:\/\/www.czakai.de\/wordpress\/wp-json\/wp\/v2\/media?parent=69"}],"curies":[{"name":"wp","href":"https:\/\/api.w.org\/{rel}","templated":true}]}}