{"id":205,"date":"2013-07-07T11:53:40","date_gmt":"2013-07-07T09:53:40","guid":{"rendered":"http:\/\/www.czakai.de\/wordpress\/?page_id=205"},"modified":"2013-12-14T17:01:23","modified_gmt":"2013-12-14T15:01:23","slug":"kirchenbuch-register","status":"publish","type":"page","link":"http:\/\/www.czakai.de\/wordpress\/genealogie\/kirchenbuch-register\/","title":{"rendered":"Kirchenbuch-Register"},"content":{"rendered":"<table width=\"100%\">\n<tbody>\n<tr>\n<td colspan=\"2\" valign=\"top\" width=\"100%\"><center><b>\u00a0<\/b><\/center><center><\/center><\/td>\n<\/tr>\n<tr>\n<td>Die vorliegenden Register sind alles andere als vollst\u00e4ndig, sie stellen lediglich einen Zwischenstand dar und werden laufend aktualisiert. Dennoch verdienen es die bereits erfassten Daten ver\u00f6ffentlicht zu werden.<\/td>\n<\/tr>\n<\/tbody>\n<\/table>\n<p>&nbsp;<\/p>\n<ul>\n<li><strong>Index\u00a0Hochzeiten Oberweimar 1574-1751<\/strong> (L\u00fccke 1594-1627)<br \/>\nNamensregister\u00a0zum ev. Traubuch Oberweimar, Stadt Weimar, Th\u00fcringen<br \/>\nOriginal im Pfarramt Oberweimar<br \/>\nDownload (pdf):<\/p>\n<ul>\n<li><a href=\"http:\/\/www.czakai.de\/wordpress\/wp-content\/uploads\/2013\/12\/Trauregister_Oberweimar_chronologisch.pdf\" target=\"_blank\">chronologisch<\/a><\/li>\n<li><a href=\"http:\/\/www.czakai.de\/wordpress\/wp-content\/uploads\/2013\/12\/Trauregister_Oberweimar_Braeutigam.pdf\" target=\"_blank\">alphabetisch nach Br\u00e4utigam<\/a><\/li>\n<li><a href=\"http:\/\/www.czakai.de\/wordpress\/wp-content\/uploads\/2013\/12\/Trauregister_Oberweimar_Braut.pdf\" target=\"_blank\">alphabetisch nach Braut<\/a><\/li>\n<\/ul>\n<p>&nbsp;<\/li>\n<\/ul>\n<p>&nbsp;<\/p>\n<ul>\n<li><span style=\"line-height: 15px;\"><b>Index\u00a0Hochzeiten Kronstadt 1656-1784<\/b><br \/>\nNamensregister\u00a0zum kath. Traubuch Kronstadt, B\u00f6hmen (heute Kun\u0161t\u00e1t u Orlick\u00e9ho Z\u00e1ho\u0159\u00ed, Tschechien)<br \/>\n<span style=\"color: #ff0000;\">IN ARBEIT<\/span><br \/>\n<a href=\"http:\/\/195.113.185.42:8083\/081-00001.zip\" target=\"_blank\">Download des gesamten Traubuchs<\/a>\u00a0(zip-Datei, via\u00a0<a href=\"http:\/\/vychodoceskearchivy.cz\/zamrsk\/matriky\/\" target=\"_blank\">SOA Zamrsk<\/a>)<\/span><\/li>\n<\/ul>\n<p>&nbsp;<\/p>\n<ul>\n<li><b>Index\u00a0Hochzeiten Olbersdorf 1707-1734<\/b><br \/>\nNamensregister\u00a0zum kath. Traubuch Olbersdorf, \u00d6sterreich-Schlesien (heute M\u011bsto Albrechtice, Tschechien)<br \/>\n<span style=\"color: #ff0000;\">IN ARBEIT<\/span><br \/>\n<a href=\"http:\/\/vademecum.archives.cz\/vademecum\/permalink?xid=be8a6f76-f13c-102f-8255-0050568c0263&amp;scan=1\" target=\"_blank\">Traubuch 1707-1755 online<\/a>\u00a0(via\u00a0<a href=\"http:\/\/matriky.archives.cz\" target=\"_blank\">matriky.archives.cz<\/a>)<\/li>\n<\/ul>\n<p>&nbsp;<\/p>\n<ul>\n<li><b>Index\u00a0Hochzeiten J\u00e4gerndorf 1658-1737<\/b><br \/>\nNamensregister\u00a0zum kath. Traubuch J\u00e4gerndorf, \u00d6sterreich-Schlesien (heute Krnov, Tschechien)<br \/>\n<span style=\"color: #ff0000;\">IN ARBEIT<\/span><br \/>\n<a href=\"http:\/\/vademecum.archives.cz\/vademecum\/permalink?xid=be84ba18-f13c-102f-8255-0050568c0263&amp;scan=1\" target=\"_blank\">Traubuch 1658-1737 online<\/a>\u00a0(via\u00a0<a href=\"http:\/\/matriky.archives.cz\" target=\"_blank\">matriky.archives.cz<\/a>)<\/li>\n<\/ul>\n<p>&nbsp;<\/p>\n<p>&nbsp;<\/p>\n","protected":false},"excerpt":{"rendered":"<p>\u00a0 Die vorliegenden Register sind alles andere als vollst\u00e4ndig, sie stellen lediglich einen Zwischenstand dar und werden laufend aktualisiert. Dennoch verdienen es die bereits erfassten Daten ver\u00f6ffentlicht zu werden. &nbsp; Index\u00a0Hochzeiten Oberweimar 1574-1751 (L\u00fccke 1594-1627) Namensregister\u00a0zum ev. Traubuch Oberweimar, Stadt &hellip; <a href=\"http:\/\/www.czakai.de\/wordpress\/genealogie\/kirchenbuch-register\/\">Weiterlesen <span class=\"meta-nav\">&rarr;<\/span><\/a><\/p>\n","protected":false},"author":1,"featured_media":0,"parent":10,"menu_order":0,"comment_status":"closed","ping_status":"closed","template":"","meta":[],"_links":{"self":[{"href":"http:\/\/www.czakai.de\/wordpress\/wp-json\/wp\/v2\/pages\/205"}],"collection":[{"href":"http:\/\/www.czakai.de\/wordpress\/wp-json\/wp\/v2\/pages"}],"about":[{"href":"http:\/\/www.czakai.de\/wordpress\/wp-json\/wp\/v2\/types\/page"}],"author":[{"embeddable":true,"href":"http:\/\/www.czakai.de\/wordpress\/wp-json\/wp\/v2\/users\/1"}],"replies":[{"embeddable":true,"href":"http:\/\/www.czakai.de\/wordpress\/wp-json\/wp\/v2\/comments?post=205"}],"version-history":[{"count":17,"href":"http:\/\/www.czakai.de\/wordpress\/wp-json\/wp\/v2\/pages\/205\/revisions"}],"predecessor-version":[{"id":209,"href":"http:\/\/www.czakai.de\/wordpress\/wp-json\/wp\/v2\/pages\/205\/revisions\/209"}],"up":[{"embeddable":true,"href":"http:\/\/www.czakai.de\/wordpress\/wp-json\/wp\/v2\/pages\/10"}],"wp:attachment":[{"href":"http:\/\/www.czakai.de\/wordpress\/wp-json\/wp\/v2\/media?parent=205"}],"curies":[{"name":"wp","href":"https:\/\/api.w.org\/{rel}","templated":true}]}}